{"id":19,"date":"2021-07-08T16:41:17","date_gmt":"2021-07-08T16:41:17","guid":{"rendered":"https:\/\/limpiezasgaliport.com\/?page_id=19"},"modified":"2021-11-08T18:42:30","modified_gmt":"2021-11-08T18:42:30","slug":"contacto","status":"publish","type":"page","link":"https:\/\/limpiezasgaliport.com\/?page_id=19","title":{"rendered":"Contacto"},"content":{"rendered":"\n<p><strong>Solicite presupuesto sin compromiso.<\/strong><\/p>\n\n\n\n<p>Puede encontrarnos en cualquiera de nuestras dos direcciones:<\/p>\n\n\n\n<div class=\"wp-block-columns is-layout-flex wp-container-core-columns-is-layout-9d6595d7 wp-block-columns-is-layout-flex\">\n<div class=\"wp-block-column is-layout-flow wp-block-column-is-layout-flow\">\n<p><strong>R\u00faa P\u00e1ramo, 42<\/strong><\/p>\n\n\n\n<iframe loading=\"lazy\" width=\"400\" height=\"300\" style=\"border: 0;\" src=\"https:\/\/www.google.com\/maps\/embed?pb=!1m18!1m12!1m3!1d894.2757819686881!2d-8.422222526029616!3d43.36575209985296!2m3!1f0!2f0!3f0!3m2!1i1024!2i768!4f13.1!3m3!1m2!1s0xd2e7cf588412f1f%3A0x7f7b578d83842e11!2zUsO6YSBQw6FyYW1vLCA0MiwgMTUwMTEgQSBDb3J1w7FhLCBFc3Bhw7Fh!5e1!3m2!1ses!2sus!4v1517229451469\" frameborder=\"0\" allowfullscreen=\"allowfullscreen\"><\/iframe>\n<\/div>\n\n\n\n<div class=\"wp-block-column is-layout-flow wp-block-column-is-layout-flow\">\n<p><strong>Calle Barcelona, 97<\/strong><\/p>\n\n\n\n<iframe loading=\"lazy\" width=\"450\" height=\"300\" style=\"border: 0;\" src=\"https:\/\/www.google.com\/maps\/embed?pb=!1m18!1m12!1m3!1d1274.9106913237822!2d-8.42345186588809!3d43.364381949333705!2m3!1f0!2f0!3f0!3m2!1i1024!2i768!4f13.1!3m3!1m2!1s0xd2e7cf5c2340621%3A0xe7ba5af2173172b3!2zUsO6YSBCYXJjZWxvbmEsIDk3LCAxNTAxMCBBIENvcnXDsWEsIEVzcGHDsWE!5e1!3m2!1ses!2sus!4v1517229543885\" frameborder=\"0\" allowfullscreen=\"allowfullscreen\"><\/iframe>\n<\/div>\n<\/div>\n\n\n\n<p><strong>Tel\u00e9fonos de Contacto:<\/strong>&nbsp;981 258 484 |&nbsp;629 827 314<br><strong>Email: <\/strong> <a href=\"mailto:info@limpiezasgaliport.com?Subject=Contacto Web\" target=\"_top\" rel=\"noopener\">info@limpiezasgaliport.com<\/a><\/p>\n\n\n\n<h3 class=\"wp-block-heading\">Contactar:<\/h3>\n\n\n\n<p>Utilice el siguiente formulario para ponerse en contacto con nosotros. En breve nos pondremos en contacto con usted.<\/p>\n\n\n\n<div class=\"wp-block-contact-form-7-contact-form-selector\">\n<div class=\"wpcf7 no-js\" id=\"wpcf7-f16-o1\" lang=\"es-ES\" dir=\"ltr\">\n<div class=\"screen-reader-response\"><p role=\"status\" aria-live=\"polite\" aria-atomic=\"true\"><\/p> <ul><\/ul><\/div>\n<form action=\"\/index.php?rest_route=%2Fwp%2Fv2%2Fpages%2F19#wpcf7-f16-o1\" method=\"post\" class=\"wpcf7-form init\" aria-label=\"Formulario de contacto\" novalidate=\"novalidate\" data-status=\"init\">\n<div style=\"display: none;\">\n<input type=\"hidden\" name=\"_wpcf7\" value=\"16\" \/>\n<input type=\"hidden\" name=\"_wpcf7_version\" value=\"5.9.8\" \/>\n<input type=\"hidden\" name=\"_wpcf7_locale\" value=\"es_ES\" \/>\n<input type=\"hidden\" name=\"_wpcf7_unit_tag\" value=\"wpcf7-f16-o1\" \/>\n<input type=\"hidden\" name=\"_wpcf7_container_post\" value=\"0\" \/>\n<input type=\"hidden\" name=\"_wpcf7_posted_data_hash\" value=\"\" \/>\n<\/div>\n<p><label> Tu nombre<br \/>\n<span class=\"wpcf7-form-control-wrap\" data-name=\"your-name\"><input size=\"40\" maxlength=\"400\" class=\"wpcf7-form-control wpcf7-text wpcf7-validates-as-required\" aria-required=\"true\" aria-invalid=\"false\" value=\"\" type=\"text\" name=\"your-name\" \/><\/span> <\/label>\n<\/p>\n<p><label> Tu correo electr\u00f3nico<br \/>\n<span class=\"wpcf7-form-control-wrap\" data-name=\"your-email\"><input size=\"40\" maxlength=\"400\" class=\"wpcf7-form-control wpcf7-email wpcf7-validates-as-required wpcf7-text wpcf7-validates-as-email\" aria-required=\"true\" aria-invalid=\"false\" value=\"\" type=\"email\" name=\"your-email\" \/><\/span> <\/label>\n<\/p>\n<p><label> Asunto<br \/>\n<span class=\"wpcf7-form-control-wrap\" data-name=\"your-subject\"><input size=\"40\" maxlength=\"400\" class=\"wpcf7-form-control wpcf7-text wpcf7-validates-as-required\" aria-required=\"true\" aria-invalid=\"false\" value=\"\" type=\"text\" name=\"your-subject\" \/><\/span> <\/label>\n<\/p>\n<p><label> Tu mensaje (opcional)<br \/>\n<span class=\"wpcf7-form-control-wrap\" data-name=\"your-message\"><textarea cols=\"40\" rows=\"10\" maxlength=\"2000\" class=\"wpcf7-form-control wpcf7-textarea\" aria-invalid=\"false\" name=\"your-message\"><\/textarea><\/span> <\/label><br \/>\n<span class=\"wpcf7-form-control-wrap\" data-name=\"checkbox-327\"><span class=\"wpcf7-form-control wpcf7-checkbox wpcf7-validates-as-required\"><span class=\"wpcf7-list-item first last\"><label><input type=\"checkbox\" name=\"checkbox-327[]\" value=\"He le\u00eddo y acepto la pol\u00edtica de privacidad\" \/><span class=\"wpcf7-list-item-label\">He le\u00eddo y acepto la pol\u00edtica de privacidad<\/span><\/label><\/span><\/span><\/span>\n<\/p>\n<p><input class=\"wpcf7-form-control wpcf7-submit has-spinner\" type=\"submit\" value=\"Enviar\" \/>\n<\/p><div class=\"wpcf7-response-output\" aria-hidden=\"true\"><\/div>\n<\/form>\n<\/div>\n<\/div>\n\n\n\n<p><strong>RGPD<\/strong>.-De conformidad con la normativa sobre protecci\u00f3n de datos, le informamos que los datos personales facilitados voluntariamente por usted, a trav\u00e9s del presente formulario web ser\u00e1n tratados por LIMPIEZAS GALIPORT, S.L.U., como responsable del tratamiento, con la finalidad de atender su solicitud, consulta, queja o sugerencia, sin que se produzca comunicaciones o cesiones de datos y conservados durante los plazos necesarios para atender su solicitud. Puede usted ejercer los derechos de acceso, rectificaci\u00f3n o supresi\u00f3n de sus datos, dirigi\u00e9ndose a limpiezasgaliport@hotmail.com, para m\u00e1s informaci\u00f3n al respecto, puede consultar nuestra Pol\u00edtica de Privacidad en www.limpiezasgaliport.com<\/p>\n","protected":false},"excerpt":{"rendered":"<p>Solicite presupuesto sin compromiso. Puede encontrarnos en cualquiera de nuestras dos direcciones: R\u00faa P\u00e1ramo, 42 Calle Barcelona, 97 Tel\u00e9fonos de Contacto:&nbsp;981 258 484 |&nbsp;629 827 314Email: info@limpiezasgaliport.com Contactar: Utilice el siguiente formulario para ponerse en contacto con nosotros. En breve nos pondremos en contacto con usted. RGPD.-De conformidad con la [&hellip;]<\/p>\n","protected":false},"author":1,"featured_media":0,"parent":0,"menu_order":0,"comment_status":"closed","ping_status":"closed","template":"","meta":{"footnotes":""},"class_list":["post-19","page","type-page","status-publish","hentry"],"_links":{"self":[{"href":"https:\/\/limpiezasgaliport.com\/index.php?rest_route=\/wp\/v2\/pages\/19","targetHints":{"allow":["GET"]}}],"collection":[{"href":"https:\/\/limpiezasgaliport.com\/index.php?rest_route=\/wp\/v2\/pages"}],"about":[{"href":"https:\/\/limpiezasgaliport.com\/index.php?rest_route=\/wp\/v2\/types\/page"}],"author":[{"embeddable":true,"href":"https:\/\/limpiezasgaliport.com\/index.php?rest_route=\/wp\/v2\/users\/1"}],"replies":[{"embeddable":true,"href":"https:\/\/limpiezasgaliport.com\/index.php?rest_route=%2Fwp%2Fv2%2Fcomments&post=19"}],"version-history":[{"count":2,"href":"https:\/\/limpiezasgaliport.com\/index.php?rest_route=\/wp\/v2\/pages\/19\/revisions"}],"predecessor-version":[{"id":99,"href":"https:\/\/limpiezasgaliport.com\/index.php?rest_route=\/wp\/v2\/pages\/19\/revisions\/99"}],"wp:attachment":[{"href":"https:\/\/limpiezasgaliport.com\/index.php?rest_route=%2Fwp%2Fv2%2Fmedia&parent=19"}],"curies":[{"name":"wp","href":"https:\/\/api.w.org\/{rel}","templated":true}]}}