{"id":6,"date":"2021-07-08T16:33:29","date_gmt":"2021-07-08T16:33:29","guid":{"rendered":"https:\/\/limpiezasgaliport.com\/?page_id=6"},"modified":"2021-11-08T18:40:33","modified_gmt":"2021-11-08T18:40:33","slug":"servicios","status":"publish","type":"page","link":"https:\/\/limpiezasgaliport.com\/?page_id=6","title":{"rendered":"Servicios"},"content":{"rendered":"\n<p>En&nbsp;<strong>Limpiezas Galiport<\/strong>&nbsp;le ofrecemos una variada gama de&nbsp;servicios de mantenimiento y limpieza&nbsp;para particulares o empresas en todo tipo de espacios y superficies, ya sean verticales u horizontales.<\/p>\n\n\n\n<p>Le ofrecemos&nbsp;<strong>servicios integrales de limpieza<\/strong>&nbsp;con un equipo cualificado y profesional dotado con la tecnolog\u00eda m\u00e1s innovadora y con todas las medidas de seguridad necesarias. Como cada cliente tiene sus propias necesidades, ponemos a su disposici\u00f3n una amplia gama de prestaciones:<\/p>\n\n\n<style>.wp-block-kadence-advancedheading.kt-adv-heading_6c81af-30, .wp-block-kadence-advancedheading.kt-adv-heading_6c81af-30[data-kb-block=\"kb-adv-heading_6c81af-30\"]{font-style:normal;}.wp-block-kadence-advancedheading.kt-adv-heading_6c81af-30 mark, .wp-block-kadence-advancedheading.kt-adv-heading_6c81af-30[data-kb-block=\"kb-adv-heading_6c81af-30\"] mark{font-style:normal;color:#f76a0c;padding-top:0px;padding-right:0px;padding-bottom:0px;padding-left:0px;}<\/style>\n<h3 class=\"kt-adv-heading_6c81af-30 wp-block-kadence-advancedheading\" data-kb-block=\"kb-adv-heading_6c81af-30\">Limpieza de Comunidades de propietarios<\/h3>\n\n\n\n<div class=\"wp-block-columns is-layout-flex wp-container-core-columns-is-layout-9d6595d7 wp-block-columns-is-layout-flex\">\n<div class=\"wp-block-column is-layout-flow wp-block-column-is-layout-flow\">\n<p>&nbsp;Una de nuestras especialidades es el mantenimiento integral de comunidades, adapt\u00e1ndonos a las necesidades espec\u00edficas. Conocedores de la importancia de una correcta limpieza e higienizaci\u00f3n de una comunidad,  para conseguir la mayor satisfacci\u00f3n. Si eres presidente de una comunidad, o su administrador de fincas, contacte con nosotros<\/p>\n<\/div>\n\n\n\n<div class=\"wp-block-column is-layout-flow wp-block-column-is-layout-flow\">\n<figure class=\"wp-block-gallery columns-1 is-cropped wp-block-gallery-1 is-layout-flex wp-block-gallery-is-layout-flex\"><ul class=\"blocks-gallery-grid\"><li class=\"blocks-gallery-item\"><figure><img loading=\"lazy\" decoding=\"async\" width=\"525\" height=\"350\" src=\"https:\/\/limpiezasgaliport.com\/wp-content\/uploads\/2021\/07\/escaleras-1.jpg\" alt=\"\" data-id=\"7\" data-full-url=\"https:\/\/limpiezasgaliport.com\/wp-content\/uploads\/2021\/07\/escaleras-1.jpg\" data-link=\"https:\/\/limpiezasgaliport.com\/?attachment_id=7\" class=\"wp-image-7\" srcset=\"https:\/\/limpiezasgaliport.com\/wp-content\/uploads\/2021\/07\/escaleras-1.jpg 525w, https:\/\/limpiezasgaliport.com\/wp-content\/uploads\/2021\/07\/escaleras-1-300x200.jpg 300w, https:\/\/limpiezasgaliport.com\/wp-content\/uploads\/2021\/07\/escaleras-1-360x240.jpg 360w\" sizes=\"auto, (max-width: 525px) 100vw, 525px\" \/><\/figure><\/li><\/ul><\/figure>\n<\/div>\n<\/div>\n\n\n<style>.wp-block-kadence-advancedheading.kt-adv-heading_dad209-b4, .wp-block-kadence-advancedheading.kt-adv-heading_dad209-b4[data-kb-block=\"kb-adv-heading_dad209-b4\"]{font-style:normal;}.wp-block-kadence-advancedheading.kt-adv-heading_dad209-b4 mark, .wp-block-kadence-advancedheading.kt-adv-heading_dad209-b4[data-kb-block=\"kb-adv-heading_dad209-b4\"] mark{font-style:normal;color:#f76a0c;padding-top:0px;padding-right:0px;padding-bottom:0px;padding-left:0px;}<\/style>\n<h3 class=\"kt-adv-heading_dad209-b4 wp-block-kadence-advancedheading\" data-kb-block=\"kb-adv-heading_dad209-b4\">Limpieza de locales comerciales y oficinas<\/h3>\n\n\n\n<div class=\"wp-block-columns is-layout-flex wp-container-core-columns-is-layout-9d6595d7 wp-block-columns-is-layout-flex\">\n<div class=\"wp-block-column is-layout-flow wp-block-column-is-layout-flow\">\n<figure class=\"wp-block-gallery columns-1 is-cropped wp-block-gallery-2 is-layout-flex wp-block-gallery-is-layout-flex\"><ul class=\"blocks-gallery-grid\"><li class=\"blocks-gallery-item\"><figure><img loading=\"lazy\" decoding=\"async\" width=\"525\" height=\"350\" src=\"https:\/\/limpiezasgaliport.com\/wp-content\/uploads\/2021\/07\/comercios.jpg\" alt=\"\" data-id=\"8\" data-full-url=\"https:\/\/limpiezasgaliport.com\/wp-content\/uploads\/2021\/07\/comercios.jpg\" data-link=\"https:\/\/limpiezasgaliport.com\/?attachment_id=8\" class=\"wp-image-8\" srcset=\"https:\/\/limpiezasgaliport.com\/wp-content\/uploads\/2021\/07\/comercios.jpg 525w, https:\/\/limpiezasgaliport.com\/wp-content\/uploads\/2021\/07\/comercios-300x200.jpg 300w, https:\/\/limpiezasgaliport.com\/wp-content\/uploads\/2021\/07\/comercios-360x240.jpg 360w\" sizes=\"auto, (max-width: 525px) 100vw, 525px\" \/><\/figure><\/li><\/ul><\/figure>\n<\/div>\n\n\n\n<div class=\"wp-block-column is-layout-flow wp-block-column-is-layout-flow\">\n<p>El servicios de limpieza de locales comerciales y oficinas  incluye todos los servicios para realizar un correcto mantenimiento de las instalaciones, mobiliario, recursos higi\u00e9nicos,\u2026 Buscamos soluciones a medida a cada una de las necesidades de su local u oficina, para lo que se desarrollan sistemas espec\u00edficos con los que garantizar la eficacia de cada uno de los servicios.&nbsp;<\/p>\n<\/div>\n<\/div>\n\n\n<style>.wp-block-kadence-advancedheading.kt-adv-heading_5778b8-39, .wp-block-kadence-advancedheading.kt-adv-heading_5778b8-39[data-kb-block=\"kb-adv-heading_5778b8-39\"]{font-style:normal;}.wp-block-kadence-advancedheading.kt-adv-heading_5778b8-39 mark, .wp-block-kadence-advancedheading.kt-adv-heading_5778b8-39[data-kb-block=\"kb-adv-heading_5778b8-39\"] mark{font-style:normal;color:#f76a0c;padding-top:0px;padding-right:0px;padding-bottom:0px;padding-left:0px;}<\/style>\n<h3 class=\"kt-adv-heading_5778b8-39 wp-block-kadence-advancedheading\" data-kb-block=\"kb-adv-heading_5778b8-39\">Limpieza de obras<\/h3>\n\n\n\n<div class=\"wp-block-columns is-layout-flex wp-container-core-columns-is-layout-9d6595d7 wp-block-columns-is-layout-flex\">\n<div class=\"wp-block-column is-layout-flow wp-block-column-is-layout-flow\">\n<p>Tenemos la soluci\u00f3n perfecta a la limpieza de su obra o reforma,  nos encargamos de realizar la limpieza de todos los elementos y habit\u00e1culos, ya sea vivienda, local comercial, empresa, nave industrial, polideportivo, garajes \u2026<\/p>\n<\/div>\n\n\n\n<div class=\"wp-block-column is-layout-flow wp-block-column-is-layout-flow\">\n<figure class=\"wp-block-gallery columns-1 is-cropped wp-block-gallery-3 is-layout-flex wp-block-gallery-is-layout-flex\"><ul class=\"blocks-gallery-grid\"><li class=\"blocks-gallery-item\"><figure><img loading=\"lazy\" decoding=\"async\" width=\"525\" height=\"350\" src=\"https:\/\/limpiezasgaliport.com\/wp-content\/uploads\/2021\/07\/obras.jpg\" alt=\"\" data-id=\"9\" data-full-url=\"https:\/\/limpiezasgaliport.com\/wp-content\/uploads\/2021\/07\/obras.jpg\" data-link=\"https:\/\/limpiezasgaliport.com\/?attachment_id=9\" class=\"wp-image-9\" srcset=\"https:\/\/limpiezasgaliport.com\/wp-content\/uploads\/2021\/07\/obras.jpg 525w, https:\/\/limpiezasgaliport.com\/wp-content\/uploads\/2021\/07\/obras-300x200.jpg 300w, https:\/\/limpiezasgaliport.com\/wp-content\/uploads\/2021\/07\/obras-360x240.jpg 360w\" sizes=\"auto, (max-width: 525px) 100vw, 525px\" \/><\/figure><\/li><\/ul><\/figure>\n<\/div>\n<\/div>\n\n\n<style>.wp-block-kadence-advancedheading.kt-adv-heading_6652be-62, .wp-block-kadence-advancedheading.kt-adv-heading_6652be-62[data-kb-block=\"kb-adv-heading_6652be-62\"]{font-style:normal;}.wp-block-kadence-advancedheading.kt-adv-heading_6652be-62 mark, .wp-block-kadence-advancedheading.kt-adv-heading_6652be-62[data-kb-block=\"kb-adv-heading_6652be-62\"] mark{font-style:normal;color:#f76a0c;padding-top:0px;padding-right:0px;padding-bottom:0px;padding-left:0px;}<\/style>\n<h3 class=\"kt-adv-heading_6652be-62 wp-block-kadence-advancedheading\" data-kb-block=\"kb-adv-heading_6652be-62\">Limpieza de cristales<\/h3>\n\n\n\n<div class=\"wp-block-columns is-layout-flex wp-container-core-columns-is-layout-9d6595d7 wp-block-columns-is-layout-flex\">\n<div class=\"wp-block-column is-layout-flow wp-block-column-is-layout-flow\">\n<figure class=\"wp-block-gallery columns-1 is-cropped wp-block-gallery-4 is-layout-flex wp-block-gallery-is-layout-flex\"><ul class=\"blocks-gallery-grid\"><li class=\"blocks-gallery-item\"><figure><img loading=\"lazy\" decoding=\"async\" width=\"525\" height=\"350\" src=\"https:\/\/limpiezasgaliport.com\/wp-content\/uploads\/2021\/11\/cristales.jpg\" alt=\"\" data-id=\"97\" data-full-url=\"https:\/\/limpiezasgaliport.com\/wp-content\/uploads\/2021\/11\/cristales.jpg\" data-link=\"https:\/\/limpiezasgaliport.com\/?attachment_id=97\" class=\"wp-image-97\" srcset=\"https:\/\/limpiezasgaliport.com\/wp-content\/uploads\/2021\/11\/cristales.jpg 525w, https:\/\/limpiezasgaliport.com\/wp-content\/uploads\/2021\/11\/cristales-300x200.jpg 300w, https:\/\/limpiezasgaliport.com\/wp-content\/uploads\/2021\/11\/cristales-360x240.jpg 360w\" sizes=\"auto, (max-width: 525px) 100vw, 525px\" \/><\/figure><\/li><\/ul><\/figure>\n<\/div>\n\n\n\n<div class=\"wp-block-column is-layout-flow wp-block-column-is-layout-flow\">\n<p>Realizamos la limpieza de cristales de su local comercial, edificio o comunidad de propietarios, siempre garantizando la \u00f3ptima calidad de servicio y mejorando la imagen externa de su empresa ante posibles clientes. Ofrecemos la posibilidad de realizar el mantenimiento de sus ventanales y cristales de manera peri\u00f3dica y siempre con la m\u00e1xima calidad.<\/p>\n<\/div>\n<\/div>\n\n\n<style>.wp-block-kadence-advancedheading.kt-adv-heading_9027cc-e8, .wp-block-kadence-advancedheading.kt-adv-heading_9027cc-e8[data-kb-block=\"kb-adv-heading_9027cc-e8\"]{font-style:normal;}.wp-block-kadence-advancedheading.kt-adv-heading_9027cc-e8 mark, .wp-block-kadence-advancedheading.kt-adv-heading_9027cc-e8[data-kb-block=\"kb-adv-heading_9027cc-e8\"] mark{font-style:normal;color:#f76a0c;padding-top:0px;padding-right:0px;padding-bottom:0px;padding-left:0px;}<\/style>\n<h3 class=\"kt-adv-heading_9027cc-e8 wp-block-kadence-advancedheading\" data-kb-block=\"kb-adv-heading_9027cc-e8\">Limpieza de hogares<\/h3>\n\n\n\n<div class=\"wp-block-columns is-layout-flex wp-container-core-columns-is-layout-9d6595d7 wp-block-columns-is-layout-flex\">\n<div class=\"wp-block-column is-layout-flow wp-block-column-is-layout-flow\">\n<p>Disponemos de un servicio de puesta a punto de hogar, adaptado a las necesidades de cada vivienda. \u00bfHas realizado una obra en la vivienda? \u00bfSe han ido los inquilinos y necesitas una limpieza en profundidad? \u00bfTienes el piso parado desde hace tiempo y quieres darle una limpieza en profundidad?. Gracias a nuestros a\u00f1os de experiencia, estamos seguros de disponer de la soluci\u00f3n de limpieza m\u00e1s adecuada a las necesidades de su hogar garantizando un resultado de calidad.<\/p>\n<\/div>\n\n\n\n<div class=\"wp-block-column is-layout-flow wp-block-column-is-layout-flow\">\n<figure class=\"wp-block-gallery columns-1 is-cropped wp-block-gallery-5 is-layout-flex wp-block-gallery-is-layout-flex\"><ul class=\"blocks-gallery-grid\"><li class=\"blocks-gallery-item\"><figure><img loading=\"lazy\" decoding=\"async\" width=\"591\" height=\"350\" src=\"https:\/\/limpiezasgaliport.com\/wp-content\/uploads\/2021\/07\/hogar.jpg\" alt=\"\" data-id=\"11\" data-full-url=\"https:\/\/limpiezasgaliport.com\/wp-content\/uploads\/2021\/07\/hogar.jpg\" data-link=\"https:\/\/limpiezasgaliport.com\/?attachment_id=11\" class=\"wp-image-11\" srcset=\"https:\/\/limpiezasgaliport.com\/wp-content\/uploads\/2021\/07\/hogar.jpg 591w, https:\/\/limpiezasgaliport.com\/wp-content\/uploads\/2021\/07\/hogar-300x178.jpg 300w\" sizes=\"auto, (max-width: 591px) 100vw, 591px\" \/><\/figure><\/li><\/ul><\/figure>\n<\/div>\n<\/div>\n\n\n<style>.wp-block-kadence-advancedheading.kt-adv-heading_e992c3-fa, .wp-block-kadence-advancedheading.kt-adv-heading_e992c3-fa[data-kb-block=\"kb-adv-heading_e992c3-fa\"]{font-style:normal;}.wp-block-kadence-advancedheading.kt-adv-heading_e992c3-fa mark, .wp-block-kadence-advancedheading.kt-adv-heading_e992c3-fa[data-kb-block=\"kb-adv-heading_e992c3-fa\"] mark{font-style:normal;color:#f76a0c;padding-top:0px;padding-right:0px;padding-bottom:0px;padding-left:0px;}<\/style>\n<h3 class=\"kt-adv-heading_e992c3-fa wp-block-kadence-advancedheading\" data-kb-block=\"kb-adv-heading_e992c3-fa\">Otros servicios<\/h3>\n\n\n\n<div class=\"wp-block-columns is-layout-flex wp-container-core-columns-is-layout-9d6595d7 wp-block-columns-is-layout-flex\">\n<div class=\"wp-block-column is-layout-flow wp-block-column-is-layout-flow\">\n<figure class=\"wp-block-gallery columns-1 is-cropped wp-block-gallery-6 is-layout-flex wp-block-gallery-is-layout-flex\"><ul class=\"blocks-gallery-grid\"><li class=\"blocks-gallery-item\"><figure><img loading=\"lazy\" decoding=\"async\" width=\"525\" height=\"350\" src=\"https:\/\/limpiezasgaliport.com\/wp-content\/uploads\/2021\/07\/parket.jpg\" alt=\"\" data-id=\"12\" data-full-url=\"https:\/\/limpiezasgaliport.com\/wp-content\/uploads\/2021\/07\/parket.jpg\" data-link=\"https:\/\/limpiezasgaliport.com\/?attachment_id=12\" class=\"wp-image-12\" srcset=\"https:\/\/limpiezasgaliport.com\/wp-content\/uploads\/2021\/07\/parket.jpg 525w, https:\/\/limpiezasgaliport.com\/wp-content\/uploads\/2021\/07\/parket-300x200.jpg 300w, https:\/\/limpiezasgaliport.com\/wp-content\/uploads\/2021\/07\/parket-360x240.jpg 360w\" sizes=\"auto, (max-width: 525px) 100vw, 525px\" \/><\/figure><\/li><\/ul><\/figure>\n<\/div>\n\n\n\n<div class=\"wp-block-column is-layout-flow wp-block-column-is-layout-flow\">\n<ul>\n<li>Limpiezas tras incendios e inundaciones.<\/li>\n<li>Tratamiento de suelos.<\/li><li>Limpieza de persianas.<\/li>\n<li>Limpieza y mantenimiento de garajes.<\/li>\n<li>Limpieza de aceras y muros de piedra.<\/li><li>Jardiner\u00eda.<\/li>\n<li>Garajes<\/li>\n<li>Toldos<\/li>\n<li>Grandes superficies<\/li>\n<li>Terrazas<\/li>\n<li>Limpiezas con hidrolimpiadoras<\/li>\n<li>Limpiezas con fregadora-aspiradora rotativa<\/li>\n<\/ul>\n<\/div>\n<\/div>\n","protected":false},"excerpt":{"rendered":"<p>En&nbsp;Limpiezas Galiport&nbsp;le ofrecemos una variada gama de&nbsp;servicios de mantenimiento y limpieza&nbsp;para particulares o empresas en todo tipo de espacios y superficies, ya sean verticales u horizontales. Le ofrecemos&nbsp;servicios integrales de limpieza&nbsp;con un equipo cualificado y profesional dotado con la tecnolog\u00eda m\u00e1s innovadora y con todas las medidas de seguridad necesarias. [&hellip;]<\/p>\n","protected":false},"author":1,"featured_media":0,"parent":0,"menu_order":0,"comment_status":"closed","ping_status":"closed","template":"","meta":{"footnotes":""},"class_list":["post-6","page","type-page","status-publish","hentry"],"_links":{"self":[{"href":"https:\/\/limpiezasgaliport.com\/index.php?rest_route=\/wp\/v2\/pages\/6","targetHints":{"allow":["GET"]}}],"collection":[{"href":"https:\/\/limpiezasgaliport.com\/index.php?rest_route=\/wp\/v2\/pages"}],"about":[{"href":"https:\/\/limpiezasgaliport.com\/index.php?rest_route=\/wp\/v2\/types\/page"}],"author":[{"embeddable":true,"href":"https:\/\/limpiezasgaliport.com\/index.php?rest_route=\/wp\/v2\/users\/1"}],"replies":[{"embeddable":true,"href":"https:\/\/limpiezasgaliport.com\/index.php?rest_route=%2Fwp%2Fv2%2Fcomments&post=6"}],"version-history":[{"count":2,"href":"https:\/\/limpiezasgaliport.com\/index.php?rest_route=\/wp\/v2\/pages\/6\/revisions"}],"predecessor-version":[{"id":98,"href":"https:\/\/limpiezasgaliport.com\/index.php?rest_route=\/wp\/v2\/pages\/6\/revisions\/98"}],"wp:attachment":[{"href":"https:\/\/limpiezasgaliport.com\/index.php?rest_route=%2Fwp%2Fv2%2Fmedia&parent=6"}],"curies":[{"name":"wp","href":"https:\/\/api.w.org\/{rel}","templated":true}]}}